{"id":3413,"date":"2019-11-19T14:15:01","date_gmt":"2019-11-19T13:15:01","guid":{"rendered":"https:\/\/www.myfreshevents.fr\/?page_id=3413"},"modified":"2024-03-27T15:27:43","modified_gmt":"2024-03-27T14:27:43","slug":"devis","status":"publish","type":"page","link":"https:\/\/myfreshevents.fr\/index.php\/devis\/","title":{"rendered":"Devis"},"content":{"rendered":"\n<style type=\"text\/css\" data-created_by=\"avia_inline_auto\" id=\"style-css-av-17oboc4-9eb265dc3139f4cd52c33102d67212ae\">\n.avia-section.av-17oboc4-9eb265dc3139f4cd52c33102d67212ae{\nbackground-color:#ffffff;\nbackground-image:unset;\n}\n<\/style>\n<div id='av_section_1'  class='avia-section av-17oboc4-9eb265dc3139f4cd52c33102d67212ae alternate_color avia-section-large avia-no-shadow  avia-builder-el-0  avia-builder-el-no-sibling  avia-bg-style-scroll container_wrap sidebar_right'  ><div class='container av-section-cont-open' ><main  role=\"main\" itemprop=\"mainContentOfPage\"  class='template-page content  av-content-small alpha units'><div class='post-entry post-entry-type-page post-entry-3413'><div class='entry-content-wrapper clearfix'>\n\n<style type=\"text\/css\" data-created_by=\"avia_inline_auto\" id=\"style-css-av-1x5kgz-74d3af5af3cba6829c4b81257d489ffa\">\n.flex_column.av-1x5kgz-74d3af5af3cba6829c4b81257d489ffa{\n-webkit-border-radius:0px 0px 0px 0px;\n-moz-border-radius:0px 0px 0px 0px;\nborder-radius:0px 0px 0px 0px;\npadding:0px 0px 0px 0px;\n}\n<\/style>\n<div class='flex_column av-1x5kgz-74d3af5af3cba6829c4b81257d489ffa av_one_full  avia-builder-el-1  avia-builder-el-no-sibling  first flex_column_div av-zero-column-padding '     ><style type=\"text\/css\" data-created_by=\"avia_inline_auto\" id=\"style-css-av-4icadg-db00796c8acedb942d8495d43e374102\">\n#top .av_textblock_section.av-4icadg-db00796c8acedb942d8495d43e374102 .avia_textblock{\ncolor:#256c96;\n}\n<\/style>\n<section  class='av_textblock_section av-4icadg-db00796c8acedb942d8495d43e374102'  itemscope=\"itemscope\" itemtype=\"https:\/\/schema.org\/CreativeWork\" ><div class='avia_textblock av_inherit_color'  itemprop=\"text\" ><h3>DEMANDE DE DEVIS<\/h3>\n<\/div><\/section><br \/>\n<section  class='av_textblock_section av-k35ow3t7-0961de4e14f074d0fbddf1918e42c8f6'  itemscope=\"itemscope\" itemtype=\"https:\/\/schema.org\/CreativeWork\" ><div class='avia_textblock'  itemprop=\"text\" ><style id=\"wpforms-css-vars-3622\">\n\t\t\t\t#wpforms-3622 {\n\t\t\t\t\n\t\t\t}\n\t\t\t<\/style><div class=\"wpforms-container wpforms-container-full wpforms-render-modern\" id=\"wpforms-3622\"><form id=\"wpforms-form-3622\" class=\"wpforms-validate wpforms-form wpforms-ajax-form\" data-formid=\"3622\" method=\"post\" enctype=\"multipart\/form-data\" action=\"\/index.php\/wp-json\/wp\/v2\/pages\/3413\" data-token=\"26bc540b25aa7eb8fcf2d0e3b62e3ddb\" data-token-time=\"1777298757\"><noscript class=\"wpforms-error-noscript\">Veuillez activer JavaScript dans votre navigateur pour remplir ce formulaire.<\/noscript><div id=\"wpforms-error-noscript\" style=\"display: none;\">Veuillez activer JavaScript dans votre navigateur pour remplir ce formulaire.<\/div><div class=\"wpforms-field-container\"><div id=\"wpforms-3622-field_1-container\" class=\"wpforms-field wpforms-field-name\" data-field-id=\"1\"><fieldset><legend class=\"wpforms-field-label\">Coordonn\u00e9es <span class=\"wpforms-required-label\" aria-hidden=\"true\">*<\/span><\/legend><div class=\"wpforms-field-row wpforms-field-medium\"><div class=\"wpforms-field-row-block wpforms-first wpforms-one-half\"><input type=\"text\" id=\"wpforms-3622-field_1\" class=\"wpforms-field-name-first wpforms-field-required\" name=\"wpforms[fields][1][first]\" aria-errormessage=\"wpforms-3622-field_1-error\" required><label for=\"wpforms-3622-field_1\" class=\"wpforms-field-sublabel after\">Pr\u00e9nom<\/label><\/div><div class=\"wpforms-field-row-block wpforms-one-half\"><input type=\"text\" id=\"wpforms-3622-field_1-last\" class=\"wpforms-field-name-last wpforms-field-required\" name=\"wpforms[fields][1][last]\" aria-errormessage=\"wpforms-3622-field_1-last-error\" required><label for=\"wpforms-3622-field_1-last\" class=\"wpforms-field-sublabel after\">Nom<\/label><\/div><\/div><\/fieldset><\/div><div id=\"wpforms-3622-field_7-container\" class=\"wpforms-field wpforms-field-select wpforms-field-select-style-classic\" data-field-id=\"7\"><label class=\"wpforms-field-label\" for=\"wpforms-3622-field_7\">Vous \u00eates<\/label><select id=\"wpforms-3622-field_7\" class=\"wpforms-field-medium\" name=\"wpforms[fields][7]\"><option value=\"Un particulier\"  class=\"choice-1 depth-1\"  >Un particulier<\/option><option value=\"Une association\"  class=\"choice-2 depth-1\"  >Une association<\/option><option value=\"Un professionnel\"  class=\"choice-3 depth-1\"  >Un professionnel<\/option><option value=\"Une collectivit\u00e9\"  class=\"choice-4 depth-1\"  >Une collectivit\u00e9<\/option><option value=\"Autre\"  class=\"choice-5 depth-1\"  >Autre<\/option><\/select><\/div><div id=\"wpforms-3622-field_8-container\" class=\"wpforms-field wpforms-field-name\" data-field-id=\"8\"><label class=\"wpforms-field-label\" for=\"wpforms-3622-field_8\">Nom de la soci\u00e9t\u00e9, association, collectivit\u00e9 (Particuliers, laissez le champ vide) <\/label><input type=\"text\" id=\"wpforms-3622-field_8\" class=\"wpforms-field-medium\" name=\"wpforms[fields][8]\" aria-errormessage=\"wpforms-3622-field_8-error\" ><\/div><div id=\"wpforms-3622-field_4-container\" class=\"wpforms-field wpforms-field-radio\" data-field-id=\"4\"><fieldset><legend class=\"wpforms-field-label\">Votre demande concerne ?  <span class=\"wpforms-required-label\" aria-hidden=\"true\">*<\/span><\/legend><ul id=\"wpforms-3622-field_4\" class=\"wpforms-field-required\"><li class=\"choice-1 depth-1\"><input type=\"radio\" id=\"wpforms-3622-field_4_1\" name=\"wpforms[fields][4]\" value=\"Caisse frigorifique\" aria-errormessage=\"wpforms-3622-field_4_1-error\" required ><label class=\"wpforms-field-label-inline\" for=\"wpforms-3622-field_4_1\">Caisse frigorifique<\/label><\/li><li class=\"choice-2 depth-1\"><input type=\"radio\" id=\"wpforms-3622-field_4_2\" name=\"wpforms[fields][4]\" value=\"Remorque frigorifique\" aria-errormessage=\"wpforms-3622-field_4_2-error\" required ><label class=\"wpforms-field-label-inline\" for=\"wpforms-3622-field_4_2\">Remorque frigorifique<\/label><\/li><li class=\"choice-3 depth-1\"><input type=\"radio\" id=\"wpforms-3622-field_4_3\" name=\"wpforms[fields][4]\" value=\"Conteneur frigorifique\" aria-errormessage=\"wpforms-3622-field_4_3-error\" required ><label class=\"wpforms-field-label-inline\" for=\"wpforms-3622-field_4_3\">Conteneur frigorifique<\/label><\/li><li class=\"choice-9 depth-1\"><input type=\"radio\" id=\"wpforms-3622-field_4_9\" name=\"wpforms[fields][4]\" value=\"Brasero\" aria-errormessage=\"wpforms-3622-field_4_9-error\" required ><label class=\"wpforms-field-label-inline\" for=\"wpforms-3622-field_4_9\">Brasero<\/label><\/li><li class=\"choice-8 depth-1\"><input type=\"radio\" id=\"wpforms-3622-field_4_8\" name=\"wpforms[fields][4]\" value=\"Barnum\" aria-errormessage=\"wpforms-3622-field_4_8-error\" required ><label class=\"wpforms-field-label-inline\" for=\"wpforms-3622-field_4_8\">Barnum<\/label><\/li><li class=\"choice-7 depth-1\"><input type=\"radio\" id=\"wpforms-3622-field_4_7\" name=\"wpforms[fields][4]\" value=\"Friteuse\" aria-errormessage=\"wpforms-3622-field_4_7-error\" required ><label class=\"wpforms-field-label-inline\" for=\"wpforms-3622-field_4_7\">Friteuse<\/label><\/li><li class=\"choice-6 depth-1\"><input type=\"radio\" id=\"wpforms-3622-field_4_6\" name=\"wpforms[fields][4]\" value=\"Plancha\" aria-errormessage=\"wpforms-3622-field_4_6-error\" required ><label class=\"wpforms-field-label-inline\" for=\"wpforms-3622-field_4_6\">Plancha<\/label><\/li><li class=\"choice-5 depth-1\"><input type=\"radio\" id=\"wpforms-3622-field_4_5\" name=\"wpforms[fields][4]\" value=\"Machine \u00e0 panini\" aria-errormessage=\"wpforms-3622-field_4_5-error\" required ><label class=\"wpforms-field-label-inline\" for=\"wpforms-3622-field_4_5\">Machine \u00e0 panini<\/label><\/li><li class=\"choice-4 depth-1\"><input type=\"radio\" id=\"wpforms-3622-field_4_4\" name=\"wpforms[fields][4]\" value=\"Poelon\" aria-errormessage=\"wpforms-3622-field_4_4-error\" required ><label class=\"wpforms-field-label-inline\" for=\"wpforms-3622-field_4_4\">Poelon<\/label><\/li><li class=\"choice-11 depth-1\"><input type=\"radio\" id=\"wpforms-3622-field_4_11\" name=\"wpforms[fields][4]\" value=\"Cr\u00e8pi\u00e8re\" aria-errormessage=\"wpforms-3622-field_4_11-error\" required ><label class=\"wpforms-field-label-inline\" for=\"wpforms-3622-field_4_11\">Cr\u00e8pi\u00e8re<\/label><\/li><li class=\"choice-10 depth-1\"><input type=\"radio\" id=\"wpforms-3622-field_4_10\" name=\"wpforms[fields][4]\" value=\"Cuisine mobile\" aria-errormessage=\"wpforms-3622-field_4_10-error\" required ><label class=\"wpforms-field-label-inline\" for=\"wpforms-3622-field_4_10\">Cuisine mobile<\/label><\/li><\/ul><\/fieldset><\/div><div id=\"wpforms-3622-field_9-container\" class=\"wpforms-field wpforms-field-number\" data-field-id=\"9\"><label class=\"wpforms-field-label\" for=\"wpforms-3622-field_9\">Quantit\u00e9  <span class=\"wpforms-required-label\" aria-hidden=\"true\">*<\/span><\/label><input type=\"number\" id=\"wpforms-3622-field_9\" class=\"wpforms-field-medium wpforms-field-required\" name=\"wpforms[fields][9]\" step=\"any\" aria-errormessage=\"wpforms-3622-field_9-error\" required><\/div><div id=\"wpforms-3622-field_10-container\" class=\"wpforms-field wpforms-field-name\" data-field-id=\"10\"><label class=\"wpforms-field-label\" for=\"wpforms-3622-field_10\">Date  <span class=\"wpforms-required-label\" aria-hidden=\"true\">*<\/span><\/label><input type=\"text\" id=\"wpforms-3622-field_10\" class=\"wpforms-field-medium wpforms-field-required\" name=\"wpforms[fields][10]\" aria-errormessage=\"wpforms-3622-field_10-error\" required><\/div><div id=\"wpforms-3622-field_11-container\" class=\"wpforms-field wpforms-field-name\" data-field-id=\"11\"><label class=\"wpforms-field-label\" for=\"wpforms-3622-field_11\">Lieu  <span class=\"wpforms-required-label\" aria-hidden=\"true\">*<\/span><\/label><input type=\"text\" id=\"wpforms-3622-field_11\" class=\"wpforms-field-medium wpforms-field-required\" name=\"wpforms[fields][11]\" aria-errormessage=\"wpforms-3622-field_11-error\" required><\/div><div id=\"wpforms-3622-field_2-container\" class=\"wpforms-field wpforms-field-email\" data-field-id=\"2\"><label class=\"wpforms-field-label\" for=\"wpforms-3622-field_2\">Email <span class=\"wpforms-required-label\" aria-hidden=\"true\">*<\/span><\/label><input type=\"email\" id=\"wpforms-3622-field_2\" class=\"wpforms-field-medium wpforms-field-required\" name=\"wpforms[fields][2]\" spellcheck=\"false\" aria-errormessage=\"wpforms-3622-field_2-error\" required><\/div><div id=\"wpforms-3622-field_12-container\" class=\"wpforms-field wpforms-field-name\" data-field-id=\"12\"><label class=\"wpforms-field-label\" for=\"wpforms-3622-field_12\">Num\u00e9ro de t\u00e9l\u00e9phone <span class=\"wpforms-required-label\" aria-hidden=\"true\">*<\/span><\/label><input type=\"text\" id=\"wpforms-3622-field_12\" class=\"wpforms-field-medium wpforms-field-required\" name=\"wpforms[fields][12]\" aria-errormessage=\"wpforms-3622-field_12-error\" required><\/div><div id=\"wpforms-3622-field_6-container\" class=\"wpforms-field wpforms-field-textarea\" data-field-id=\"6\"><label class=\"wpforms-field-label\" for=\"wpforms-3622-field_6\">Informations compl\u00e9mentaires <\/label><textarea id=\"wpforms-3622-field_6\" class=\"wpforms-field-medium\" name=\"wpforms[fields][6]\" aria-errormessage=\"wpforms-3622-field_6-error\" ><\/textarea><\/div><\/div><!-- .wpforms-field-container --><div class=\"wpforms-recaptcha-container wpforms-is-recaptcha wpforms-is-recaptcha-type-v3\" ><input type=\"hidden\" name=\"wpforms[recaptcha]\" value=\"\"><\/div><div class=\"wpforms-submit-container\" ><input type=\"hidden\" name=\"wpforms[id]\" value=\"3622\"><input type=\"hidden\" name=\"page_title\" value=\"\"><input type=\"hidden\" name=\"page_url\" value=\"https:\/\/myfreshevents.fr\/index.php\/wp-json\/wp\/v2\/pages\/3413\"><input type=\"hidden\" name=\"url_referer\" value=\"\"><button type=\"submit\" name=\"wpforms[submit]\" id=\"wpforms-submit-3622\" class=\"wpforms-submit\" data-alt-text=\"Envoi en cours \" data-submit-text=\"Envoyer ma demande\" aria-live=\"assertive\" value=\"wpforms-submit\">Envoyer ma demande<\/button><img loading=\"lazy\" decoding=\"async\" src=\"https:\/\/myfreshevents.fr\/wp-content\/plugins\/wpforms-lite\/assets\/images\/submit-spin.svg\" class=\"wpforms-submit-spinner\" style=\"display: none;\" width=\"26\" height=\"26\" alt=\"Chargement en cours\"><\/div><\/form><\/div>  <!-- .wpforms-container -->\n<\/div><\/section><\/p><\/div><\/div><\/div><\/main><!-- close content main element --><\/div><\/div><div id='after_section_1'  class='main_color av_default_container_wrap container_wrap sidebar_right'  ><div class='container av-section-cont-open' ><div class='template-page content  av-content-small alpha units'><div class='post-entry post-entry-type-page post-entry-3413'><div class='entry-content-wrapper clearfix'>\n","protected":false},"excerpt":{"rendered":"<p>This is a Page excerpt. It will be displayed for search results<\/p>\n","protected":false},"author":1,"featured_media":0,"parent":0,"menu_order":0,"comment_status":"open","ping_status":"closed","template":"","meta":{"om_disable_all_campaigns":false,"_monsterinsights_skip_tracking":false,"_monsterinsights_sitenote_active":false,"_monsterinsights_sitenote_note":"","_monsterinsights_sitenote_category":0,"footnotes":""},"class_list":["post-3413","page","type-page","status-publish","hentry"],"aioseo_notices":[],"aioseo_head":"\n\t\t<!-- All in One SEO Pro 4.9.6.2 - aioseo.com -->\n\t<meta name=\"description\" content=\"This is a Page excerpt. It will be displayed for search results\" \/>\n\t<meta name=\"robots\" content=\"max-image-preview:large\" \/>\n\t<meta name=\"google-site-verification\" content=\"7z44it6Z2CXRAX9IuaSByiZas30r3rPNwvmFcLgwye4\" \/>\n\t<link rel=\"canonical\" href=\"https:\/\/myfreshevents.fr\/index.php\/devis\/\" \/>\n\t<meta name=\"generator\" content=\"All in One SEO Pro (AIOSEO) 4.9.6.2\" \/>\n\t\t<meta property=\"og:locale\" content=\"fr_FR\" \/>\n\t\t<meta property=\"og:site_name\" content=\"My Fresh Events \u2022 Location de camion frigorifique - Location de caisse, camion, remorque frigorifique et de mat\u00e9riel pour vos \u00e9v\u00e9nements !\" \/>\n\t\t<meta property=\"og:type\" content=\"article\" \/>\n\t\t<meta property=\"og:title\" content=\"Devis - My Fresh Events \u2022 Location de camion frigorifique\" \/>\n\t\t<meta property=\"og:description\" content=\"This is a Page excerpt. It will be displayed for search results\" \/>\n\t\t<meta property=\"og:url\" content=\"https:\/\/myfreshevents.fr\/index.php\/devis\/\" \/>\n\t\t<meta property=\"og:image\" content=\"https:\/\/myfreshevents.fr\/wp-content\/uploads\/2019\/11\/20140508_181144-2-scaled.jpg\" \/>\n\t\t<meta property=\"og:image:secure_url\" content=\"https:\/\/myfreshevents.fr\/wp-content\/uploads\/2019\/11\/20140508_181144-2-scaled.jpg\" \/>\n\t\t<meta property=\"article:published_time\" content=\"2019-11-19T13:15:01+00:00\" \/>\n\t\t<meta property=\"article:modified_time\" content=\"2024-03-27T14:27:43+00:00\" \/>\n\t\t<meta property=\"article:publisher\" content=\"https:\/\/www.facebook.com\/MYFRESHEVENTS\/?locale=fr_FR\" \/>\n\t\t<meta name=\"twitter:card\" content=\"summary_large_image\" \/>\n\t\t<meta name=\"twitter:title\" content=\"Devis - My Fresh Events \u2022 Location de camion frigorifique\" \/>\n\t\t<meta name=\"twitter:description\" content=\"This is a Page excerpt. It will be displayed for search results\" \/>\n\t\t<meta name=\"twitter:image\" content=\"https:\/\/myfreshevents.fr\/wp-content\/uploads\/2019\/11\/20140508_181144-2-scaled.jpg\" \/>\n\t\t<script type=\"application\/ld+json\" class=\"aioseo-schema\">\n\t\t\t{\"@context\":\"https:\\\/\\\/schema.org\",\"@graph\":[{\"@type\":\"BreadcrumbList\",\"@id\":\"https:\\\/\\\/myfreshevents.fr\\\/index.php\\\/devis\\\/#breadcrumblist\",\"itemListElement\":[{\"@type\":\"ListItem\",\"@id\":\"https:\\\/\\\/myfreshevents.fr#listItem\",\"position\":1,\"name\":\"Home\",\"item\":\"https:\\\/\\\/myfreshevents.fr\",\"nextItem\":{\"@type\":\"ListItem\",\"@id\":\"https:\\\/\\\/myfreshevents.fr\\\/index.php\\\/devis\\\/#listItem\",\"name\":\"Devis\"}},{\"@type\":\"ListItem\",\"@id\":\"https:\\\/\\\/myfreshevents.fr\\\/index.php\\\/devis\\\/#listItem\",\"position\":2,\"name\":\"Devis\",\"previousItem\":{\"@type\":\"ListItem\",\"@id\":\"https:\\\/\\\/myfreshevents.fr#listItem\",\"name\":\"Home\"}}]},{\"@type\":\"Organization\",\"@id\":\"https:\\\/\\\/myfreshevents.fr\\\/#organization\",\"name\":\"My Fresh Events - Location de fourgon et camion frigorifique.\",\"description\":\"Location de caisse, camion, remorque frigorifique et de mat\\u00e9riel pour vos \\u00e9v\\u00e9nements !\",\"url\":\"https:\\\/\\\/myfreshevents.fr\\\/\",\"telephone\":\"+33467210000\",\"logo\":{\"@type\":\"ImageObject\",\"url\":\"https:\\\/\\\/myfreshevents.fr\\\/wp-content\\\/uploads\\\/2019\\\/11\\\/Logo_my_fresh_events.png\",\"@id\":\"https:\\\/\\\/myfreshevents.fr\\\/index.php\\\/devis\\\/#organizationLogo\",\"width\":800,\"height\":539,\"caption\":\"Louez un camion, fourgon frigorifique \\u00e0 B\\u00e9ziers, Nimes, Narbonne, Perpignan, Montpellier, Carcassonne, Montpellier, Marseille\"},\"image\":{\"@id\":\"https:\\\/\\\/myfreshevents.fr\\\/index.php\\\/devis\\\/#organizationLogo\"},\"sameAs\":[\"https:\\\/\\\/www.facebook.com\\\/MYFRESHEVENTS\\\/?locale=fr_FR\",\"https:\\\/\\\/www.instagram.com\\\/myfreshevents\\\/\"]},{\"@type\":\"WebPage\",\"@id\":\"https:\\\/\\\/myfreshevents.fr\\\/index.php\\\/devis\\\/#webpage\",\"url\":\"https:\\\/\\\/myfreshevents.fr\\\/index.php\\\/devis\\\/\",\"name\":\"Devis - My Fresh Events \\u2022 Location de camion frigorifique\",\"description\":\"This is a Page excerpt. It will be displayed for search results\",\"inLanguage\":\"fr-FR\",\"isPartOf\":{\"@id\":\"https:\\\/\\\/myfreshevents.fr\\\/#website\"},\"breadcrumb\":{\"@id\":\"https:\\\/\\\/myfreshevents.fr\\\/index.php\\\/devis\\\/#breadcrumblist\"},\"datePublished\":\"2019-11-19T14:15:01+01:00\",\"dateModified\":\"2024-03-27T15:27:43+01:00\"},{\"@type\":\"WebSite\",\"@id\":\"https:\\\/\\\/myfreshevents.fr\\\/#website\",\"url\":\"https:\\\/\\\/myfreshevents.fr\\\/\",\"name\":\"My Fresh Events - B\\u00e9ziers\",\"description\":\"Location de caisse, camion, remorque frigorifique et de mat\\u00e9riel pour vos \\u00e9v\\u00e9nements !\",\"inLanguage\":\"fr-FR\",\"publisher\":{\"@id\":\"https:\\\/\\\/myfreshevents.fr\\\/#organization\"}}]}\n\t\t<\/script>\n\t\t<!-- All in One SEO Pro -->\r\n\t\t<title>Devis - My Fresh Events \u2022 Location de camion frigorifique<\/title>\n\n","aioseo_head_json":{"title":"Devis - My Fresh Events \u2022 Location de camion frigorifique","description":"This is a Page excerpt. It will be displayed for search results","canonical_url":"https:\/\/myfreshevents.fr\/index.php\/devis\/","robots":"max-image-preview:large","keywords":"","webmasterTools":{"google-site-verification":"7z44it6Z2CXRAX9IuaSByiZas30r3rPNwvmFcLgwye4","miscellaneous":""},"schema":{"@context":"https:\/\/schema.org","@graph":[{"@type":"BreadcrumbList","@id":"https:\/\/myfreshevents.fr\/index.php\/devis\/#breadcrumblist","itemListElement":[{"@type":"ListItem","@id":"https:\/\/myfreshevents.fr#listItem","position":1,"name":"Home","item":"https:\/\/myfreshevents.fr","nextItem":{"@type":"ListItem","@id":"https:\/\/myfreshevents.fr\/index.php\/devis\/#listItem","name":"Devis"}},{"@type":"ListItem","@id":"https:\/\/myfreshevents.fr\/index.php\/devis\/#listItem","position":2,"name":"Devis","previousItem":{"@type":"ListItem","@id":"https:\/\/myfreshevents.fr#listItem","name":"Home"}}]},{"@type":"Organization","@id":"https:\/\/myfreshevents.fr\/#organization","name":"My Fresh Events - Location de fourgon et camion frigorifique.","description":"Location de caisse, camion, remorque frigorifique et de mat\u00e9riel pour vos \u00e9v\u00e9nements !","url":"https:\/\/myfreshevents.fr\/","telephone":"+33467210000","logo":{"@type":"ImageObject","url":"https:\/\/myfreshevents.fr\/wp-content\/uploads\/2019\/11\/Logo_my_fresh_events.png","@id":"https:\/\/myfreshevents.fr\/index.php\/devis\/#organizationLogo","width":800,"height":539,"caption":"Louez un camion, fourgon frigorifique \u00e0 B\u00e9ziers, Nimes, Narbonne, Perpignan, Montpellier, Carcassonne, Montpellier, Marseille"},"image":{"@id":"https:\/\/myfreshevents.fr\/index.php\/devis\/#organizationLogo"},"sameAs":["https:\/\/www.facebook.com\/MYFRESHEVENTS\/?locale=fr_FR","https:\/\/www.instagram.com\/myfreshevents\/"]},{"@type":"WebPage","@id":"https:\/\/myfreshevents.fr\/index.php\/devis\/#webpage","url":"https:\/\/myfreshevents.fr\/index.php\/devis\/","name":"Devis - My Fresh Events \u2022 Location de camion frigorifique","description":"This is a Page excerpt. It will be displayed for search results","inLanguage":"fr-FR","isPartOf":{"@id":"https:\/\/myfreshevents.fr\/#website"},"breadcrumb":{"@id":"https:\/\/myfreshevents.fr\/index.php\/devis\/#breadcrumblist"},"datePublished":"2019-11-19T14:15:01+01:00","dateModified":"2024-03-27T15:27:43+01:00"},{"@type":"WebSite","@id":"https:\/\/myfreshevents.fr\/#website","url":"https:\/\/myfreshevents.fr\/","name":"My Fresh Events - B\u00e9ziers","description":"Location de caisse, camion, remorque frigorifique et de mat\u00e9riel pour vos \u00e9v\u00e9nements !","inLanguage":"fr-FR","publisher":{"@id":"https:\/\/myfreshevents.fr\/#organization"}}]},"og:locale":"fr_FR","og:site_name":"My Fresh Events \u2022 Location de camion frigorifique - Location de caisse, camion, remorque frigorifique et de mat\u00e9riel pour vos \u00e9v\u00e9nements !","og:type":"article","og:title":"Devis - My Fresh Events \u2022 Location de camion frigorifique","og:description":"This is a Page excerpt. It will be displayed for search results","og:url":"https:\/\/myfreshevents.fr\/index.php\/devis\/","og:image":"https:\/\/myfreshevents.fr\/wp-content\/uploads\/2019\/11\/20140508_181144-2-scaled.jpg","og:image:secure_url":"https:\/\/myfreshevents.fr\/wp-content\/uploads\/2019\/11\/20140508_181144-2-scaled.jpg","article:published_time":"2019-11-19T13:15:01+00:00","article:modified_time":"2024-03-27T14:27:43+00:00","article:publisher":"https:\/\/www.facebook.com\/MYFRESHEVENTS\/?locale=fr_FR","twitter:card":"summary_large_image","twitter:title":"Devis - My Fresh Events \u2022 Location de camion frigorifique","twitter:description":"This is a Page excerpt. It will be displayed for search results","twitter:image":"https:\/\/myfreshevents.fr\/wp-content\/uploads\/2019\/11\/20140508_181144-2-scaled.jpg"},"aioseo_meta_data":{"post_id":"3413","title":null,"description":null,"keywords":[],"keyphrases":{"focus":{"keyphrase":"","score":0,"analysis":{"keyphraseInTitle":{"score":0,"maxScore":9,"error":1}}},"additional":[]},"primary_term":null,"canonical_url":null,"og_title":null,"og_description":null,"og_object_type":"default","og_image_type":"default","og_image_url":null,"og_image_width":null,"og_image_height":null,"og_image_custom_url":null,"og_image_custom_fields":null,"og_video":"","og_custom_url":null,"og_article_section":null,"og_article_tags":[],"twitter_use_og":false,"twitter_card":"default","twitter_image_type":"default","twitter_image_url":null,"twitter_image_custom_url":null,"twitter_image_custom_fields":null,"twitter_title":null,"twitter_description":null,"schema":{"blockGraphs":[],"customGraphs":[],"default":{"data":{"Article":[],"Course":[],"Dataset":[],"FAQPage":[],"Movie":[],"Person":[],"Product":[],"ProductReview":[],"Car":[],"Recipe":[],"Service":[],"SoftwareApplication":[],"WebPage":[]},"graphName":"WebPage","isEnabled":true},"graphs":[]},"schema_type":"default","schema_type_options":null,"pillar_content":false,"robots_default":true,"robots_noindex":false,"robots_noarchive":false,"robots_nosnippet":false,"robots_nofollow":false,"robots_noimageindex":false,"robots_noodp":false,"robots_notranslate":false,"robots_max_snippet":"-1","robots_max_videopreview":"-1","robots_max_imagepreview":"large","priority":null,"frequency":"default","local_seo":null,"seo_analyzer_scan_date":"2025-08-17 08:41:15","breadcrumb_settings":null,"limit_modified_date":false,"open_ai":"{\"title\":{\"suggestions\":[],\"usage\":0},\"description\":{\"suggestions\":[],\"usage\":0}}","ai":null,"created":"2024-01-19 14:06:08","updated":"2025-10-22 02:45:34"},"aioseo_breadcrumb":"<div class=\"aioseo-breadcrumbs\"><span class=\"aioseo-breadcrumb\">\n\t<a href=\"https:\/\/myfreshevents.fr\" title=\"Home\">Home<\/a>\n<\/span><span class=\"aioseo-breadcrumb-separator\">&raquo;<\/span><span class=\"aioseo-breadcrumb\">\n\tDevis\n<\/span><\/div>","aioseo_breadcrumb_json":[{"label":"Home","link":"https:\/\/myfreshevents.fr"},{"label":"Devis","link":"https:\/\/myfreshevents.fr\/index.php\/devis\/"}],"_links":{"self":[{"href":"https:\/\/myfreshevents.fr\/index.php\/wp-json\/wp\/v2\/pages\/3413","targetHints":{"allow":["GET"]}}],"collection":[{"href":"https:\/\/myfreshevents.fr\/index.php\/wp-json\/wp\/v2\/pages"}],"about":[{"href":"https:\/\/myfreshevents.fr\/index.php\/wp-json\/wp\/v2\/types\/page"}],"author":[{"embeddable":true,"href":"https:\/\/myfreshevents.fr\/index.php\/wp-json\/wp\/v2\/users\/1"}],"replies":[{"embeddable":true,"href":"https:\/\/myfreshevents.fr\/index.php\/wp-json\/wp\/v2\/comments?post=3413"}],"version-history":[{"count":3,"href":"https:\/\/myfreshevents.fr\/index.php\/wp-json\/wp\/v2\/pages\/3413\/revisions"}],"predecessor-version":[{"id":3641,"href":"https:\/\/myfreshevents.fr\/index.php\/wp-json\/wp\/v2\/pages\/3413\/revisions\/3641"}],"wp:attachment":[{"href":"https:\/\/myfreshevents.fr\/index.php\/wp-json\/wp\/v2\/media?parent=3413"}],"curies":[{"name":"wp","href":"https:\/\/api.w.org\/{rel}","templated":true}]}}