{"id":1167,"date":"2013-04-05T13:33:38","date_gmt":"2013-04-05T13:33:38","guid":{"rendered":"http:\/\/www.kriesi.at\/themes\/enfold\/?page_id=1167"},"modified":"2024-03-27T15:32:33","modified_gmt":"2024-03-27T14:32:33","slug":"contact","status":"publish","type":"page","link":"https:\/\/myfreshevents.fr\/index.php\/contact\/","title":{"rendered":"Contact"},"content":{"rendered":"<div class='flex_column av-fuj2rj-df16cdcc20af506e7283dc92dbdacd01 av_one_half  avia-builder-el-0  el_before_av_one_half  avia-builder-el-first  first flex_column_div '     ><p>\n<style type=\"text\/css\" data-created_by=\"avia_inline_auto\" id=\"style-css-av-42sntb-547b8483e49f7c6be39205b4592a1740\">\n#top .av-special-heading.av-42sntb-547b8483e49f7c6be39205b4592a1740{\npadding-bottom:10px;\n}\nbody .av-special-heading.av-42sntb-547b8483e49f7c6be39205b4592a1740 .av-special-heading-tag .heading-char{\nfont-size:25px;\n}\n.av-special-heading.av-42sntb-547b8483e49f7c6be39205b4592a1740 .av-subheading{\nfont-size:10px;\n}\n<\/style>\n<div  class='av-special-heading av-42sntb-547b8483e49f7c6be39205b4592a1740 av-special-heading-h3 meta-heading  avia-builder-el-1  el_before_av_textblock  avia-builder-el-first '><h3 class='av-special-heading-tag'  itemprop=\"headline\"  >Contacts <\/h3><div class=\"special-heading-border\"><div class=\"special-heading-inner-border\"><\/div><\/div><\/div><br \/>\n<section  class='av_textblock_section av-byk2fz-f1d52abb5e63f617b8168bfe9ba5ef72'  itemscope=\"itemscope\" itemtype=\"https:\/\/schema.org\/CreativeWork\" ><div class='avia_textblock'  itemprop=\"text\" ><h3 class=\"widgettitle\">MY FRESH EVENTS<\/h3>\n<div class=\"textwidget\">\n<p>13 Rue Saint Victor<br \/>\nZAC Le Capiscol<br \/>\n34500 Villeneuve les B\u00e9ziers<\/p>\n<p>04 67 21 00 00<br \/>\n06 10 70 35 97<\/p>\n<p>freshevents@orange.fr<\/p>\n<\/div>\n<\/div><\/section><br \/>\n\n<style type=\"text\/css\" data-created_by=\"avia_inline_auto\" id=\"style-css-av-6qfr3-cd10eb67b3fad76c07548018b07408bb\">\n#top .av-special-heading.av-6qfr3-cd10eb67b3fad76c07548018b07408bb{\npadding-bottom:10px;\n}\nbody .av-special-heading.av-6qfr3-cd10eb67b3fad76c07548018b07408bb .av-special-heading-tag .heading-char{\nfont-size:25px;\n}\n.av-special-heading.av-6qfr3-cd10eb67b3fad76c07548018b07408bb .av-subheading{\nfont-size:10px;\n}\n<\/style>\n<div  class='av-special-heading av-6qfr3-cd10eb67b3fad76c07548018b07408bb av-special-heading-h3 meta-heading  avia-builder-el-3  el_after_av_textblock  el_before_av_codeblock '><h3 class='av-special-heading-tag'  itemprop=\"headline\"  >Une question ? <\/h3><div class=\"special-heading-border\"><div class=\"special-heading-inner-border\"><\/div><\/div><\/div><br \/>\n<\/p><\/div>\n<style type=\"text\/css\" data-created_by=\"avia_inline_auto\" id=\"style-css-av-209mb3-c911199c06f4eecbeb26cebddf4f9cbf\">\n.flex_column.av-209mb3-c911199c06f4eecbeb26cebddf4f9cbf{\n-webkit-border-radius:0px 0px 0px 0px;\n-moz-border-radius:0px 0px 0px 0px;\nborder-radius:0px 0px 0px 0px;\npadding:0px 0px 0px 0px;\n}\n<\/style>\n<div class='flex_column av-209mb3-c911199c06f4eecbeb26cebddf4f9cbf av_one_half  avia-builder-el-5  el_after_av_one_half  avia-builder-el-last  flex_column_div av-zero-column-padding '     ><p>\n<style type=\"text\/css\" data-created_by=\"avia_inline_auto\" id=\"style-css-av-k35vf292-0963006684c92a3e357e149fb8a11db4\">\n#top .av-special-heading.av-k35vf292-0963006684c92a3e357e149fb8a11db4{\npadding-bottom:10px;\n}\nbody .av-special-heading.av-k35vf292-0963006684c92a3e357e149fb8a11db4 .av-special-heading-tag .heading-char{\nfont-size:25px;\n}\n.av-special-heading.av-k35vf292-0963006684c92a3e357e149fb8a11db4 .av-subheading{\nfont-size:10px;\n}\n<\/style>\n<div  class='av-special-heading av-k35vf292-0963006684c92a3e357e149fb8a11db4 av-special-heading-h3 meta-heading  avia-builder-el-6  el_before_av_codeblock  avia-builder-el-first '><h3 class='av-special-heading-tag'  itemprop=\"headline\"  >Ou nous trouver<\/h3><div class=\"special-heading-border\"><div class=\"special-heading-inner-border\"><\/div><\/div><\/div><br \/>\n<\/p><\/div><\/p>\n","protected":false},"excerpt":{"rendered":"","protected":false},"author":1,"featured_media":0,"parent":0,"menu_order":0,"comment_status":"open","ping_status":"closed","template":"","meta":{"om_disable_all_campaigns":false,"_monsterinsights_skip_tracking":false,"_monsterinsights_sitenote_active":false,"_monsterinsights_sitenote_note":"","_monsterinsights_sitenote_category":0,"footnotes":""},"class_list":["post-1167","page","type-page","status-publish","hentry"],"aioseo_notices":[],"aioseo_head":"\n\t\t<!-- All in One SEO Pro 4.9.6.2 - aioseo.com -->\n\t<meta name=\"robots\" content=\"max-image-preview:large\" \/>\n\t<meta name=\"google-site-verification\" content=\"7z44it6Z2CXRAX9IuaSByiZas30r3rPNwvmFcLgwye4\" \/>\n\t<link rel=\"canonical\" href=\"https:\/\/myfreshevents.fr\/index.php\/contact\/\" \/>\n\t<meta name=\"generator\" content=\"All in One SEO Pro (AIOSEO) 4.9.6.2\" \/>\n\t\t<meta property=\"og:locale\" content=\"fr_FR\" \/>\n\t\t<meta property=\"og:site_name\" content=\"My Fresh Events \u2022 Location de camion frigorifique - Location de caisse, camion, remorque frigorifique et de mat\u00e9riel pour vos \u00e9v\u00e9nements !\" \/>\n\t\t<meta property=\"og:type\" content=\"article\" \/>\n\t\t<meta property=\"og:title\" content=\"Contact - My Fresh Events \u2022 Location de camion frigorifique\" \/>\n\t\t<meta property=\"og:url\" content=\"https:\/\/myfreshevents.fr\/index.php\/contact\/\" \/>\n\t\t<meta property=\"og:image\" content=\"https:\/\/myfreshevents.fr\/wp-content\/uploads\/2019\/11\/20140508_181144-2-scaled.jpg\" \/>\n\t\t<meta property=\"og:image:secure_url\" content=\"https:\/\/myfreshevents.fr\/wp-content\/uploads\/2019\/11\/20140508_181144-2-scaled.jpg\" \/>\n\t\t<meta property=\"article:published_time\" content=\"2013-04-05T13:33:38+00:00\" \/>\n\t\t<meta property=\"article:modified_time\" content=\"2024-03-27T14:32:33+00:00\" \/>\n\t\t<meta property=\"article:publisher\" content=\"https:\/\/www.facebook.com\/MYFRESHEVENTS\/?locale=fr_FR\" \/>\n\t\t<meta name=\"twitter:card\" content=\"summary_large_image\" \/>\n\t\t<meta name=\"twitter:title\" content=\"Contact - My Fresh Events \u2022 Location de camion frigorifique\" \/>\n\t\t<meta name=\"twitter:image\" content=\"https:\/\/myfreshevents.fr\/wp-content\/uploads\/2019\/11\/20140508_181144-2-scaled.jpg\" \/>\n\t\t<script type=\"application\/ld+json\" class=\"aioseo-schema\">\n\t\t\t{\"@context\":\"https:\\\/\\\/schema.org\",\"@graph\":[{\"@type\":\"BreadcrumbList\",\"@id\":\"https:\\\/\\\/myfreshevents.fr\\\/index.php\\\/contact\\\/#breadcrumblist\",\"itemListElement\":[{\"@type\":\"ListItem\",\"@id\":\"https:\\\/\\\/myfreshevents.fr#listItem\",\"position\":1,\"name\":\"Home\",\"item\":\"https:\\\/\\\/myfreshevents.fr\",\"nextItem\":{\"@type\":\"ListItem\",\"@id\":\"https:\\\/\\\/myfreshevents.fr\\\/index.php\\\/contact\\\/#listItem\",\"name\":\"Contact\"}},{\"@type\":\"ListItem\",\"@id\":\"https:\\\/\\\/myfreshevents.fr\\\/index.php\\\/contact\\\/#listItem\",\"position\":2,\"name\":\"Contact\",\"previousItem\":{\"@type\":\"ListItem\",\"@id\":\"https:\\\/\\\/myfreshevents.fr#listItem\",\"name\":\"Home\"}}]},{\"@type\":\"Organization\",\"@id\":\"https:\\\/\\\/myfreshevents.fr\\\/#organization\",\"name\":\"My Fresh Events - Location de fourgon et camion frigorifique.\",\"description\":\"Location de caisse, camion, remorque frigorifique et de mat\\u00e9riel pour vos \\u00e9v\\u00e9nements !\",\"url\":\"https:\\\/\\\/myfreshevents.fr\\\/\",\"telephone\":\"+33467210000\",\"logo\":{\"@type\":\"ImageObject\",\"url\":\"https:\\\/\\\/myfreshevents.fr\\\/wp-content\\\/uploads\\\/2019\\\/11\\\/Logo_my_fresh_events.png\",\"@id\":\"https:\\\/\\\/myfreshevents.fr\\\/index.php\\\/contact\\\/#organizationLogo\",\"width\":800,\"height\":539,\"caption\":\"Louez un camion, fourgon frigorifique \\u00e0 B\\u00e9ziers, Nimes, Narbonne, Perpignan, Montpellier, Carcassonne, Montpellier, Marseille\"},\"image\":{\"@id\":\"https:\\\/\\\/myfreshevents.fr\\\/index.php\\\/contact\\\/#organizationLogo\"},\"sameAs\":[\"https:\\\/\\\/www.facebook.com\\\/MYFRESHEVENTS\\\/?locale=fr_FR\",\"https:\\\/\\\/www.instagram.com\\\/myfreshevents\\\/\"]},{\"@type\":\"WebPage\",\"@id\":\"https:\\\/\\\/myfreshevents.fr\\\/index.php\\\/contact\\\/#webpage\",\"url\":\"https:\\\/\\\/myfreshevents.fr\\\/index.php\\\/contact\\\/\",\"name\":\"Contact - My Fresh Events \\u2022 Location de camion frigorifique\",\"inLanguage\":\"fr-FR\",\"isPartOf\":{\"@id\":\"https:\\\/\\\/myfreshevents.fr\\\/#website\"},\"breadcrumb\":{\"@id\":\"https:\\\/\\\/myfreshevents.fr\\\/index.php\\\/contact\\\/#breadcrumblist\"},\"datePublished\":\"2013-04-05T13:33:38+02:00\",\"dateModified\":\"2024-03-27T15:32:33+01:00\"},{\"@type\":\"WebSite\",\"@id\":\"https:\\\/\\\/myfreshevents.fr\\\/#website\",\"url\":\"https:\\\/\\\/myfreshevents.fr\\\/\",\"name\":\"My Fresh Events - B\\u00e9ziers\",\"description\":\"Location de caisse, camion, remorque frigorifique et de mat\\u00e9riel pour vos \\u00e9v\\u00e9nements !\",\"inLanguage\":\"fr-FR\",\"publisher\":{\"@id\":\"https:\\\/\\\/myfreshevents.fr\\\/#organization\"}}]}\n\t\t<\/script>\n\t\t<!-- All in One SEO Pro -->\r\n\t\t<title>Contact - My Fresh Events \u2022 Location de camion frigorifique<\/title>\n\n","aioseo_head_json":{"title":"Contact - My Fresh Events \u2022 Location de camion frigorifique","description":"","canonical_url":"https:\/\/myfreshevents.fr\/index.php\/contact\/","robots":"max-image-preview:large","keywords":"","webmasterTools":{"google-site-verification":"7z44it6Z2CXRAX9IuaSByiZas30r3rPNwvmFcLgwye4","miscellaneous":""},"schema":{"@context":"https:\/\/schema.org","@graph":[{"@type":"BreadcrumbList","@id":"https:\/\/myfreshevents.fr\/index.php\/contact\/#breadcrumblist","itemListElement":[{"@type":"ListItem","@id":"https:\/\/myfreshevents.fr#listItem","position":1,"name":"Home","item":"https:\/\/myfreshevents.fr","nextItem":{"@type":"ListItem","@id":"https:\/\/myfreshevents.fr\/index.php\/contact\/#listItem","name":"Contact"}},{"@type":"ListItem","@id":"https:\/\/myfreshevents.fr\/index.php\/contact\/#listItem","position":2,"name":"Contact","previousItem":{"@type":"ListItem","@id":"https:\/\/myfreshevents.fr#listItem","name":"Home"}}]},{"@type":"Organization","@id":"https:\/\/myfreshevents.fr\/#organization","name":"My Fresh Events - Location de fourgon et camion frigorifique.","description":"Location de caisse, camion, remorque frigorifique et de mat\u00e9riel pour vos \u00e9v\u00e9nements !","url":"https:\/\/myfreshevents.fr\/","telephone":"+33467210000","logo":{"@type":"ImageObject","url":"https:\/\/myfreshevents.fr\/wp-content\/uploads\/2019\/11\/Logo_my_fresh_events.png","@id":"https:\/\/myfreshevents.fr\/index.php\/contact\/#organizationLogo","width":800,"height":539,"caption":"Louez un camion, fourgon frigorifique \u00e0 B\u00e9ziers, Nimes, Narbonne, Perpignan, Montpellier, Carcassonne, Montpellier, Marseille"},"image":{"@id":"https:\/\/myfreshevents.fr\/index.php\/contact\/#organizationLogo"},"sameAs":["https:\/\/www.facebook.com\/MYFRESHEVENTS\/?locale=fr_FR","https:\/\/www.instagram.com\/myfreshevents\/"]},{"@type":"WebPage","@id":"https:\/\/myfreshevents.fr\/index.php\/contact\/#webpage","url":"https:\/\/myfreshevents.fr\/index.php\/contact\/","name":"Contact - My Fresh Events \u2022 Location de camion frigorifique","inLanguage":"fr-FR","isPartOf":{"@id":"https:\/\/myfreshevents.fr\/#website"},"breadcrumb":{"@id":"https:\/\/myfreshevents.fr\/index.php\/contact\/#breadcrumblist"},"datePublished":"2013-04-05T13:33:38+02:00","dateModified":"2024-03-27T15:32:33+01:00"},{"@type":"WebSite","@id":"https:\/\/myfreshevents.fr\/#website","url":"https:\/\/myfreshevents.fr\/","name":"My Fresh Events - B\u00e9ziers","description":"Location de caisse, camion, remorque frigorifique et de mat\u00e9riel pour vos \u00e9v\u00e9nements !","inLanguage":"fr-FR","publisher":{"@id":"https:\/\/myfreshevents.fr\/#organization"}}]},"og:locale":"fr_FR","og:site_name":"My Fresh Events \u2022 Location de camion frigorifique - Location de caisse, camion, remorque frigorifique et de mat\u00e9riel pour vos \u00e9v\u00e9nements !","og:type":"article","og:title":"Contact - My Fresh Events \u2022 Location de camion frigorifique","og:url":"https:\/\/myfreshevents.fr\/index.php\/contact\/","og:image":"https:\/\/myfreshevents.fr\/wp-content\/uploads\/2019\/11\/20140508_181144-2-scaled.jpg","og:image:secure_url":"https:\/\/myfreshevents.fr\/wp-content\/uploads\/2019\/11\/20140508_181144-2-scaled.jpg","article:published_time":"2013-04-05T13:33:38+00:00","article:modified_time":"2024-03-27T14:32:33+00:00","article:publisher":"https:\/\/www.facebook.com\/MYFRESHEVENTS\/?locale=fr_FR","twitter:card":"summary_large_image","twitter:title":"Contact - My Fresh Events \u2022 Location de camion frigorifique","twitter:image":"https:\/\/myfreshevents.fr\/wp-content\/uploads\/2019\/11\/20140508_181144-2-scaled.jpg"},"aioseo_meta_data":{"post_id":"1167","title":null,"description":null,"keywords":[],"keyphrases":{"focus":{"keyphrase":"","score":0,"analysis":{"keyphraseInTitle":{"score":0,"maxScore":9,"error":1}}},"additional":[]},"primary_term":null,"canonical_url":null,"og_title":null,"og_description":null,"og_object_type":"default","og_image_type":"default","og_image_url":null,"og_image_width":null,"og_image_height":null,"og_image_custom_url":null,"og_image_custom_fields":null,"og_video":"","og_custom_url":null,"og_article_section":null,"og_article_tags":[],"twitter_use_og":false,"twitter_card":"default","twitter_image_type":"default","twitter_image_url":null,"twitter_image_custom_url":null,"twitter_image_custom_fields":null,"twitter_title":null,"twitter_description":null,"schema":{"blockGraphs":[],"customGraphs":[],"default":{"data":{"Article":[],"Course":[],"Dataset":[],"FAQPage":[],"Movie":[],"Person":[],"Product":[],"ProductReview":[],"Car":[],"Recipe":[],"Service":[],"SoftwareApplication":[],"WebPage":[]},"graphName":"WebPage","isEnabled":true},"graphs":[]},"schema_type":"default","schema_type_options":null,"pillar_content":false,"robots_default":true,"robots_noindex":false,"robots_noarchive":false,"robots_nosnippet":false,"robots_nofollow":false,"robots_noimageindex":false,"robots_noodp":false,"robots_notranslate":false,"robots_max_snippet":"-1","robots_max_videopreview":"-1","robots_max_imagepreview":"large","priority":null,"frequency":"default","local_seo":null,"seo_analyzer_scan_date":"2025-08-17 08:22:26","breadcrumb_settings":null,"limit_modified_date":false,"open_ai":"{\"title\":{\"suggestions\":[],\"usage\":0},\"description\":{\"suggestions\":[],\"usage\":0}}","ai":null,"created":"2024-01-19 14:02:06","updated":"2025-10-22 02:45:34"},"aioseo_breadcrumb":"<div class=\"aioseo-breadcrumbs\"><span class=\"aioseo-breadcrumb\">\n\t<a href=\"https:\/\/myfreshevents.fr\" title=\"Home\">Home<\/a>\n<\/span><span class=\"aioseo-breadcrumb-separator\">&raquo;<\/span><span class=\"aioseo-breadcrumb\">\n\tContact\n<\/span><\/div>","aioseo_breadcrumb_json":[{"label":"Home","link":"https:\/\/myfreshevents.fr"},{"label":"Contact","link":"https:\/\/myfreshevents.fr\/index.php\/contact\/"}],"_links":{"self":[{"href":"https:\/\/myfreshevents.fr\/index.php\/wp-json\/wp\/v2\/pages\/1167","targetHints":{"allow":["GET"]}}],"collection":[{"href":"https:\/\/myfreshevents.fr\/index.php\/wp-json\/wp\/v2\/pages"}],"about":[{"href":"https:\/\/myfreshevents.fr\/index.php\/wp-json\/wp\/v2\/types\/page"}],"author":[{"embeddable":true,"href":"https:\/\/myfreshevents.fr\/index.php\/wp-json\/wp\/v2\/users\/1"}],"replies":[{"embeddable":true,"href":"https:\/\/myfreshevents.fr\/index.php\/wp-json\/wp\/v2\/comments?post=1167"}],"version-history":[{"count":7,"href":"https:\/\/myfreshevents.fr\/index.php\/wp-json\/wp\/v2\/pages\/1167\/revisions"}],"predecessor-version":[{"id":3647,"href":"https:\/\/myfreshevents.fr\/index.php\/wp-json\/wp\/v2\/pages\/1167\/revisions\/3647"}],"wp:attachment":[{"href":"https:\/\/myfreshevents.fr\/index.php\/wp-json\/wp\/v2\/media?parent=1167"}],"curies":[{"name":"wp","href":"https:\/\/api.w.org\/{rel}","templated":true}]}}